{"id":472,"date":"2024-01-05T02:35:04","date_gmt":"2024-01-05T05:35:04","guid":{"rendered":"https:\/\/finncare.com.br\/?page_id=472"},"modified":"2026-03-06T10:40:02","modified_gmt":"2026-03-06T13:40:02","slug":"home","status":"publish","type":"page","link":"https:\/\/finncare.com.br\/","title":{"rendered":"Home"},"content":{"rendered":"\t\t<div data-elementor-type=\"wp-page\" data-elementor-id=\"472\" class=\"elementor elementor-472\">\n\t\t\t\t\t\t\t<div class=\"elementor-element elementor-element-be5a9a1 e-con-full e-flex e-con e-parent\" data-id=\"be5a9a1\" data-element_type=\"container\" data-settings=\"{&quot;content_width&quot;:&quot;full&quot;,&quot;background_background&quot;:&quot;classic&quot;,&quot;container_type&quot;:&quot;flex&quot;}\" data-core-v316-plus=\"true\">\n\t\t<div class=\"elementor-element elementor-element-0ae10cd e-flex e-con-boxed e-con e-child\" data-id=\"0ae10cd\" data-element_type=\"container\" data-settings=\"{&quot;container_type&quot;:&quot;flex&quot;,&quot;content_width&quot;:&quot;boxed&quot;}\">\n\t\t\t\t\t<div class=\"e-con-inner\">\n\t\t\t\t<div class=\"elementor-element elementor-element-33b6b7a jltma-glass-effect-no elementor-widget elementor-widget-image\" data-id=\"33b6b7a\" data-element_type=\"widget\" data-widget_type=\"image.default\">\n\t\t\t\t<div class=\"elementor-widget-container\">\n\t\t\t<style>\/*! elementor - v3.18.0 - 20-12-2023 *\/\n.elementor-widget-image{text-align:center}.elementor-widget-image a{display:inline-block}.elementor-widget-image a img[src$=\".svg\"]{width:48px}.elementor-widget-image img{vertical-align:middle;display:inline-block}<\/style>\t\t\t\t\t\t\t\t\t\t\t\t<img fetchpriority=\"high\" decoding=\"async\" width=\"1024\" height=\"514\" src=\"https:\/\/finncare.com.br\/wp-content\/uploads\/2026\/03\/555-1024x514.png\" class=\"attachment-large size-large wp-image-1004\" alt=\"\" srcset=\"https:\/\/finncare.com.br\/wp-content\/uploads\/2026\/03\/555-1024x514.png 1024w, https:\/\/finncare.com.br\/wp-content\/uploads\/2026\/03\/555-300x151.png 300w, https:\/\/finncare.com.br\/wp-content\/uploads\/2026\/03\/555-768x386.png 768w, https:\/\/finncare.com.br\/wp-content\/uploads\/2026\/03\/555-600x301.png 600w, https:\/\/finncare.com.br\/wp-content\/uploads\/2026\/03\/555.png 1215w\" sizes=\"(max-width: 1024px) 100vw, 1024px\" \/>\t\t\t\t\t\t\t\t\t\t\t\t\t\t\t<\/div>\n\t\t\t\t<\/div>\n\t\t\t\t\t<\/div>\n\t\t\t\t<\/div>\n\t\t\t\t<\/div>\n\t\t<div class=\"elementor-element elementor-element-6c1337a e-flex e-con-boxed e-con e-parent\" data-id=\"6c1337a\" data-element_type=\"container\" data-settings=\"{&quot;background_background&quot;:&quot;classic&quot;,&quot;container_type&quot;:&quot;flex&quot;,&quot;content_width&quot;:&quot;boxed&quot;}\" data-core-v316-plus=\"true\">\n\t\t\t\t\t<div class=\"e-con-inner\">\n\t\t\t\t<div class=\"elementor-element elementor-element-8d3105b jltma-glass-effect-no elementor-widget elementor-widget-image\" data-id=\"8d3105b\" data-element_type=\"widget\" data-widget_type=\"image.default\">\n\t\t\t\t<div class=\"elementor-widget-container\">\n\t\t\t\t\t\t\t\t\t\t\t\t\t\t\t<img decoding=\"async\" width=\"1024\" height=\"182\" src=\"https:\/\/finncare.com.br\/wp-content\/uploads\/2026\/03\/20020-1024x182.png\" class=\"attachment-large size-large wp-image-1016\" alt=\"\" srcset=\"https:\/\/finncare.com.br\/wp-content\/uploads\/2026\/03\/20020-1024x182.png 1024w, https:\/\/finncare.com.br\/wp-content\/uploads\/2026\/03\/20020-300x53.png 300w, https:\/\/finncare.com.br\/wp-content\/uploads\/2026\/03\/20020-768x137.png 768w, https:\/\/finncare.com.br\/wp-content\/uploads\/2026\/03\/20020-1536x273.png 1536w, https:\/\/finncare.com.br\/wp-content\/uploads\/2026\/03\/20020-1320x235.png 1320w, https:\/\/finncare.com.br\/wp-content\/uploads\/2026\/03\/20020-600x107.png 600w, https:\/\/finncare.com.br\/wp-content\/uploads\/2026\/03\/20020.png 1889w\" sizes=\"(max-width: 1024px) 100vw, 1024px\" \/>\t\t\t\t\t\t\t\t\t\t\t\t\t\t\t<\/div>\n\t\t\t\t<\/div>\n\t\t\t\t<div class=\"elementor-element elementor-element-78a2da4 elementor-align-center jltma-glass-effect-no elementor-widget elementor-widget-button\" data-id=\"78a2da4\" data-element_type=\"widget\" data-widget_type=\"button.default\">\n\t\t\t\t<div class=\"elementor-widget-container\">\n\t\t\t\t\t<div class=\"elementor-button-wrapper\">\n\t\t\t<a class=\"elementor-button elementor-button-link elementor-size-md elementor-animation-grow\" href=\"https:\/\/wa.me\/5511998861216\">\n\t\t\t\t\t\t<span class=\"elementor-button-content-wrapper\">\n\t\t\t\t\t\t<span class=\"elementor-button-text\">Agende sua avalia\u00e7\u00e3o<\/span>\n\t\t<\/span>\n\t\t\t\t\t<\/a>\n\t\t<\/div>\n\t\t\t\t<\/div>\n\t\t\t\t<\/div>\n\t\t\t\t\t<\/div>\n\t\t\t\t<\/div>\n\t\t<div class=\"elementor-element elementor-element-4664d57 e-flex e-con-boxed e-con e-parent\" data-id=\"4664d57\" data-element_type=\"container\" data-settings=\"{&quot;background_background&quot;:&quot;classic&quot;,&quot;container_type&quot;:&quot;flex&quot;,&quot;content_width&quot;:&quot;boxed&quot;}\" data-core-v316-plus=\"true\">\n\t\t\t\t\t<div class=\"e-con-inner\">\n\t\t<div class=\"elementor-element elementor-element-24f13f8 e-con-full e-flex e-con e-child\" data-id=\"24f13f8\" data-element_type=\"container\" data-settings=\"{&quot;content_width&quot;:&quot;full&quot;,&quot;container_type&quot;:&quot;flex&quot;}\">\n\t\t\t\t<div class=\"elementor-element elementor-element-cf65f0f jltma-glass-effect-no elementor-widget elementor-widget-image\" data-id=\"cf65f0f\" data-element_type=\"widget\" data-widget_type=\"image.default\">\n\t\t\t\t<div class=\"elementor-widget-container\">\n\t\t\t\t\t\t\t\t\t\t\t\t\t\t\t<img decoding=\"async\" width=\"1024\" height=\"576\" src=\"https:\/\/finncare.com.br\/wp-content\/uploads\/2024\/01\/AWS-COVER-ADDED_David-nettisivut-32-01-1024x576.png\" class=\"attachment-large size-large wp-image-658\" alt=\"\" srcset=\"https:\/\/finncare.com.br\/wp-content\/uploads\/2024\/01\/AWS-COVER-ADDED_David-nettisivut-32-01-1024x576.png 1024w, https:\/\/finncare.com.br\/wp-content\/uploads\/2024\/01\/AWS-COVER-ADDED_David-nettisivut-32-01-300x169.png 300w, https:\/\/finncare.com.br\/wp-content\/uploads\/2024\/01\/AWS-COVER-ADDED_David-nettisivut-32-01-768x432.png 768w, https:\/\/finncare.com.br\/wp-content\/uploads\/2024\/01\/AWS-COVER-ADDED_David-nettisivut-32-01-1536x864.png 1536w, https:\/\/finncare.com.br\/wp-content\/uploads\/2024\/01\/AWS-COVER-ADDED_David-nettisivut-32-01-2048x1153.png 2048w, https:\/\/finncare.com.br\/wp-content\/uploads\/2024\/01\/AWS-COVER-ADDED_David-nettisivut-32-01-1320x743.png 1320w, https:\/\/finncare.com.br\/wp-content\/uploads\/2024\/01\/AWS-COVER-ADDED_David-nettisivut-32-01-600x338.png 600w\" sizes=\"(max-width: 1024px) 100vw, 1024px\" \/>\t\t\t\t\t\t\t\t\t\t\t\t\t\t\t<\/div>\n\t\t\t\t<\/div>\n\t\t\t\t<\/div>\n\t\t<div class=\"elementor-element elementor-element-8ffd7bd e-con-full e-flex e-con e-child\" data-id=\"8ffd7bd\" data-element_type=\"container\" data-settings=\"{&quot;content_width&quot;:&quot;full&quot;,&quot;container_type&quot;:&quot;flex&quot;}\">\n\t\t\t\t<div class=\"elementor-element elementor-element-7f364b3 jltma-glass-effect-no elementor-widget elementor-widget-heading\" data-id=\"7f364b3\" data-element_type=\"widget\" data-widget_type=\"heading.default\">\n\t\t\t\t<div class=\"elementor-widget-container\">\n\t\t\t<style>\/*! elementor - v3.18.0 - 20-12-2023 *\/\n.elementor-heading-title{padding:0;margin:0;line-height:1}.elementor-widget-heading .elementor-heading-title[class*=elementor-size-]>a{color:inherit;font-size:inherit;line-height:inherit}.elementor-widget-heading .elementor-heading-title.elementor-size-small{font-size:15px}.elementor-widget-heading .elementor-heading-title.elementor-size-medium{font-size:19px}.elementor-widget-heading .elementor-heading-title.elementor-size-large{font-size:29px}.elementor-widget-heading .elementor-heading-title.elementor-size-xl{font-size:39px}.elementor-widget-heading .elementor-heading-title.elementor-size-xxl{font-size:59px}<\/style><h2 class=\"elementor-heading-title elementor-size-default\">Tecnologia validada\nem mais de 40 pa\u00edses<\/h2>\t\t<\/div>\n\t\t\t\t<\/div>\n\t\t\t\t<div class=\"elementor-element elementor-element-2de9af2 jltma-glass-effect-no elementor-widget elementor-widget-text-editor\" data-id=\"2de9af2\" data-element_type=\"widget\" data-widget_type=\"text-editor.default\">\n\t\t\t\t<div class=\"elementor-widget-container\">\n\t\t\t<style>\/*! elementor - v3.18.0 - 20-12-2023 *\/\n.elementor-widget-text-editor.elementor-drop-cap-view-stacked .elementor-drop-cap{background-color:#69727d;color:#fff}.elementor-widget-text-editor.elementor-drop-cap-view-framed .elementor-drop-cap{color:#69727d;border:3px solid;background-color:transparent}.elementor-widget-text-editor:not(.elementor-drop-cap-view-default) .elementor-drop-cap{margin-top:8px}.elementor-widget-text-editor:not(.elementor-drop-cap-view-default) .elementor-drop-cap-letter{width:1em;height:1em}.elementor-widget-text-editor .elementor-drop-cap{float:left;text-align:center;line-height:1;font-size:50px}.elementor-widget-text-editor .elementor-drop-cap-letter{display:inline-block}<\/style>\t\t\t\t<p>A Finncare utiliza a tecnologia David Health, refer\u00eancia global em reabilita\u00e7\u00e3o, presente em mais de 40 pa\u00edses. Com equipamentos de alta precis\u00e3o, validados cientificamente, oferecemos tratamentos seguros, mensur\u00e1veis\u00a0<span style=\"font-style: inherit; font-weight: inherit;\">e altamente eficazes.<\/span><\/p>\t\t\t\t\t\t<\/div>\n\t\t\t\t<\/div>\n\t\t\t\t<\/div>\n\t\t\t\t\t<\/div>\n\t\t\t\t<\/div>\n\t\t<div class=\"elementor-element elementor-element-d1b09b1 e-con-full e-flex e-con e-parent\" data-id=\"d1b09b1\" data-element_type=\"container\" data-settings=\"{&quot;background_background&quot;:&quot;classic&quot;,&quot;content_width&quot;:&quot;full&quot;,&quot;container_type&quot;:&quot;flex&quot;}\" data-core-v316-plus=\"true\">\n\t\t<div class=\"elementor-element elementor-element-3060b5c e-con-full e-flex e-con e-child\" data-id=\"3060b5c\" data-element_type=\"container\" data-settings=\"{&quot;content_width&quot;:&quot;full&quot;,&quot;container_type&quot;:&quot;flex&quot;}\">\n\t\t\t\t<div class=\"elementor-element elementor-element-e441bb3 jltma-glass-effect-no elementor-widget elementor-widget-heading\" data-id=\"e441bb3\" data-element_type=\"widget\" data-widget_type=\"heading.default\">\n\t\t\t\t<div class=\"elementor-widget-container\">\n\t\t\t<h2 class=\"elementor-heading-title elementor-size-default\">Nossa estrutura<\/h2>\t\t<\/div>\n\t\t\t\t<\/div>\n\t\t\t\t<div class=\"elementor-element elementor-element-4386e9a jltma-glass-effect-no elementor-widget elementor-widget-text-editor\" data-id=\"4386e9a\" data-element_type=\"widget\" data-widget_type=\"text-editor.default\">\n\t\t\t\t<div class=\"elementor-widget-container\">\n\t\t\t\t\t\t\t<p>Aqui, aliamos a fisioterapia tradicional \u00e0 intelig\u00eancia artificial e dados cl\u00ednicos, oferecendo tratamentos personalizados, seguros e eficazes.&nbsp; Nosso protocolo inclui terapias avan\u00e7adas, como ondas de choque e laser de alta pot\u00eancia, aplicadas conforme a necessidade de cada paciente. Avalia\u00e7\u00f5es detalhadas e a expertise da equipe completam nossa abordagem inovadora e centrada no cuidado individual.<\/p>\t\t\t\t\t\t<\/div>\n\t\t\t\t<\/div>\n\t\t\t\t<\/div>\n\t\t\t\t<div class=\"elementor-element elementor-element-1306e1f jltma-glass-effect-no elementor-widget elementor-widget-image\" data-id=\"1306e1f\" data-element_type=\"widget\" data-widget_type=\"image.default\">\n\t\t\t\t<div class=\"elementor-widget-container\">\n\t\t\t\t\t\t\t\t\t\t\t\t\t\t\t<img loading=\"lazy\" decoding=\"async\" width=\"1024\" height=\"768\" src=\"https:\/\/finncare.com.br\/wp-content\/uploads\/2025\/06\/2-1024x768.jpg\" class=\"attachment-large size-large wp-image-817\" alt=\"\" srcset=\"https:\/\/finncare.com.br\/wp-content\/uploads\/2025\/06\/2-1024x768.jpg 1024w, https:\/\/finncare.com.br\/wp-content\/uploads\/2025\/06\/2-300x225.jpg 300w, https:\/\/finncare.com.br\/wp-content\/uploads\/2025\/06\/2-768x576.jpg 768w, https:\/\/finncare.com.br\/wp-content\/uploads\/2025\/06\/2-1536x1152.jpg 1536w, https:\/\/finncare.com.br\/wp-content\/uploads\/2025\/06\/2-2048x1536.jpg 2048w, https:\/\/finncare.com.br\/wp-content\/uploads\/2025\/06\/2-1320x990.jpg 1320w, https:\/\/finncare.com.br\/wp-content\/uploads\/2025\/06\/2-600x450.jpg 600w\" sizes=\"(max-width: 1024px) 100vw, 1024px\" \/>\t\t\t\t\t\t\t\t\t\t\t\t\t\t\t<\/div>\n\t\t\t\t<\/div>\n\t\t\t\t<\/div>\n\t\t<div class=\"elementor-element elementor-element-12eff6e e-flex e-con-boxed e-con e-parent\" data-id=\"12eff6e\" data-element_type=\"container\" data-settings=\"{&quot;background_background&quot;:&quot;classic&quot;,&quot;container_type&quot;:&quot;flex&quot;,&quot;content_width&quot;:&quot;boxed&quot;}\" data-core-v316-plus=\"true\">\n\t\t\t\t\t<div class=\"e-con-inner\">\n\t\t\t\t<div class=\"elementor-element elementor-element-eefbd8c jltma-glass-effect-no elementor-widget elementor-widget-heading\" data-id=\"eefbd8c\" data-element_type=\"widget\" data-widget_type=\"heading.default\">\n\t\t\t\t<div class=\"elementor-widget-container\">\n\t\t\t<h2 class=\"elementor-heading-title elementor-size-default\">O que dizem nossos pacientes<\/h2>\t\t<\/div>\n\t\t\t\t<\/div>\n\t\t\t\t\t<\/div>\n\t\t\t\t<\/div>\n\t\t<div class=\"elementor-element elementor-element-66d5f03 e-flex e-con-boxed e-con e-parent\" data-id=\"66d5f03\" data-element_type=\"container\" data-settings=\"{&quot;background_background&quot;:&quot;classic&quot;,&quot;container_type&quot;:&quot;flex&quot;,&quot;content_width&quot;:&quot;boxed&quot;}\" data-core-v316-plus=\"true\">\n\t\t\t\t\t<div class=\"e-con-inner\">\n\t\t<div class=\"elementor-element elementor-element-a90ff85 e-grid e-con-boxed e-con e-child\" data-id=\"a90ff85\" data-element_type=\"container\" data-settings=\"{&quot;container_type&quot;:&quot;grid&quot;,&quot;grid_columns_grid&quot;:{&quot;unit&quot;:&quot;fr&quot;,&quot;size&quot;:2,&quot;sizes&quot;:[]},&quot;grid_rows_grid&quot;:{&quot;unit&quot;:&quot;fr&quot;,&quot;size&quot;:1,&quot;sizes&quot;:[]},&quot;content_width&quot;:&quot;boxed&quot;,&quot;grid_outline&quot;:&quot;yes&quot;,&quot;grid_columns_grid_tablet&quot;:{&quot;unit&quot;:&quot;fr&quot;,&quot;size&quot;:&quot;&quot;,&quot;sizes&quot;:[]},&quot;grid_columns_grid_mobile&quot;:{&quot;unit&quot;:&quot;fr&quot;,&quot;size&quot;:1,&quot;sizes&quot;:[]},&quot;grid_rows_grid_tablet&quot;:{&quot;unit&quot;:&quot;fr&quot;,&quot;size&quot;:&quot;&quot;,&quot;sizes&quot;:[]},&quot;grid_rows_grid_mobile&quot;:{&quot;unit&quot;:&quot;fr&quot;,&quot;size&quot;:&quot;&quot;,&quot;sizes&quot;:[]},&quot;grid_auto_flow&quot;:&quot;row&quot;,&quot;grid_auto_flow_tablet&quot;:&quot;row&quot;,&quot;grid_auto_flow_mobile&quot;:&quot;row&quot;}\">\n\t\t\t\t\t<div class=\"e-con-inner\">\n\t\t\t\t<div class=\"elementor-element elementor-element-6ecf324 jltma-glass-effect-no elementor-widget elementor-widget-image\" data-id=\"6ecf324\" data-element_type=\"widget\" data-widget_type=\"image.default\">\n\t\t\t\t<div class=\"elementor-widget-container\">\n\t\t\t\t\t\t\t\t\t\t\t\t\t\t\t<img loading=\"lazy\" decoding=\"async\" width=\"823\" height=\"535\" src=\"https:\/\/finncare.com.br\/wp-content\/uploads\/2026\/03\/Capa-Nadiara-1.png\" class=\"attachment-large size-large wp-image-1014\" alt=\"\" srcset=\"https:\/\/finncare.com.br\/wp-content\/uploads\/2026\/03\/Capa-Nadiara-1.png 823w, https:\/\/finncare.com.br\/wp-content\/uploads\/2026\/03\/Capa-Nadiara-1-300x195.png 300w, https:\/\/finncare.com.br\/wp-content\/uploads\/2026\/03\/Capa-Nadiara-1-768x499.png 768w, https:\/\/finncare.com.br\/wp-content\/uploads\/2026\/03\/Capa-Nadiara-1-600x390.png 600w\" sizes=\"(max-width: 823px) 100vw, 823px\" \/>\t\t\t\t\t\t\t\t\t\t\t\t\t\t\t<\/div>\n\t\t\t\t<\/div>\n\t\t\t\t<div class=\"elementor-element elementor-element-5a20c84 jltma-glass-effect-no elementor-widget elementor-widget-image\" data-id=\"5a20c84\" data-element_type=\"widget\" data-widget_type=\"image.default\">\n\t\t\t\t<div class=\"elementor-widget-container\">\n\t\t\t\t\t\t\t\t\t\t\t\t\t\t\t<img loading=\"lazy\" decoding=\"async\" width=\"818\" height=\"543\" src=\"https:\/\/finncare.com.br\/wp-content\/uploads\/2026\/03\/Capa-Luiz-1.png\" class=\"attachment-large size-large wp-image-1015\" alt=\"\" srcset=\"https:\/\/finncare.com.br\/wp-content\/uploads\/2026\/03\/Capa-Luiz-1.png 818w, https:\/\/finncare.com.br\/wp-content\/uploads\/2026\/03\/Capa-Luiz-1-300x199.png 300w, https:\/\/finncare.com.br\/wp-content\/uploads\/2026\/03\/Capa-Luiz-1-768x510.png 768w, https:\/\/finncare.com.br\/wp-content\/uploads\/2026\/03\/Capa-Luiz-1-600x398.png 600w\" sizes=\"(max-width: 818px) 100vw, 818px\" \/>\t\t\t\t\t\t\t\t\t\t\t\t\t\t\t<\/div>\n\t\t\t\t<\/div>\n\t\t\t\t\t<\/div>\n\t\t\t\t<\/div>\n\t\t\t\t\t<\/div>\n\t\t\t\t<\/div>\n\t\t<div class=\"elementor-element elementor-element-ef0e7a6 e-flex e-con-boxed e-con e-parent\" data-id=\"ef0e7a6\" data-element_type=\"container\" data-settings=\"{&quot;background_background&quot;:&quot;classic&quot;,&quot;container_type&quot;:&quot;flex&quot;,&quot;content_width&quot;:&quot;boxed&quot;}\" data-core-v316-plus=\"true\">\n\t\t\t\t\t<div class=\"e-con-inner\">\n\t\t\t\t\t<\/div>\n\t\t\t\t<\/div>\n\t\t<div class=\"elementor-element elementor-element-6ba64b4 e-flex e-con-boxed e-con e-parent\" data-id=\"6ba64b4\" data-element_type=\"container\" data-settings=\"{&quot;background_background&quot;:&quot;classic&quot;,&quot;container_type&quot;:&quot;flex&quot;,&quot;content_width&quot;:&quot;boxed&quot;}\" data-core-v316-plus=\"true\">\n\t\t\t\t\t<div class=\"e-con-inner\">\n\t\t\t\t<div class=\"elementor-element elementor-element-210f038 jltma-glass-effect-no elementor-widget elementor-widget-heading\" data-id=\"210f038\" data-element_type=\"widget\" data-widget_type=\"heading.default\">\n\t\t\t\t<div class=\"elementor-widget-container\">\n\t\t\t<h2 class=\"elementor-heading-title elementor-size-default\">Onde estamos<\/h2>\t\t<\/div>\n\t\t\t\t<\/div>\n\t\t\t\t<div class=\"elementor-element elementor-element-9f23df1 jltma-glass-effect-no elementor-widget elementor-widget-google_maps\" data-id=\"9f23df1\" data-element_type=\"widget\" data-widget_type=\"google_maps.default\">\n\t\t\t\t<div class=\"elementor-widget-container\">\n\t\t\t<style>\/*! elementor - v3.18.0 - 20-12-2023 *\/\n.elementor-widget-google_maps .elementor-widget-container{overflow:hidden}.elementor-widget-google_maps .elementor-custom-embed{line-height:0}.elementor-widget-google_maps iframe{height:300px}<\/style>\t\t<div class=\"elementor-custom-embed\">\n\t\t\t<iframe loading=\"lazy\"\n\t\t\t\t\tsrc=\"https:\/\/maps.google.com\/maps?q=Finncare&#038;t=m&#038;z=16&#038;output=embed&#038;iwloc=near\"\n\t\t\t\t\ttitle=\"Finncare\"\n\t\t\t\t\taria-label=\"Finncare\"\n\t\t\t><\/iframe>\n\t\t<\/div>\n\t\t\t\t<\/div>\n\t\t\t\t<\/div>\n\t\t\t\t\t<\/div>\n\t\t\t\t<\/div>\n\t\t<div class=\"elementor-element elementor-element-a6a57bf e-flex e-con-boxed e-con e-parent\" data-id=\"a6a57bf\" data-element_type=\"container\" data-settings=\"{&quot;background_background&quot;:&quot;classic&quot;,&quot;container_type&quot;:&quot;flex&quot;,&quot;content_width&quot;:&quot;boxed&quot;}\" data-core-v316-plus=\"true\">\n\t\t\t\t\t<div class=\"e-con-inner\">\n\t\t<div class=\"elementor-element elementor-element-8b60cef e-grid e-con-boxed e-con e-child\" data-id=\"8b60cef\" data-element_type=\"container\" data-settings=\"{&quot;container_type&quot;:&quot;grid&quot;,&quot;grid_rows_grid&quot;:{&quot;unit&quot;:&quot;fr&quot;,&quot;size&quot;:1,&quot;sizes&quot;:[]},&quot;content_width&quot;:&quot;boxed&quot;,&quot;grid_outline&quot;:&quot;yes&quot;,&quot;grid_columns_grid&quot;:{&quot;unit&quot;:&quot;fr&quot;,&quot;size&quot;:3,&quot;sizes&quot;:[]},&quot;grid_columns_grid_tablet&quot;:{&quot;unit&quot;:&quot;fr&quot;,&quot;size&quot;:&quot;&quot;,&quot;sizes&quot;:[]},&quot;grid_columns_grid_mobile&quot;:{&quot;unit&quot;:&quot;fr&quot;,&quot;size&quot;:1,&quot;sizes&quot;:[]},&quot;grid_rows_grid_tablet&quot;:{&quot;unit&quot;:&quot;fr&quot;,&quot;size&quot;:&quot;&quot;,&quot;sizes&quot;:[]},&quot;grid_rows_grid_mobile&quot;:{&quot;unit&quot;:&quot;fr&quot;,&quot;size&quot;:&quot;&quot;,&quot;sizes&quot;:[]},&quot;grid_auto_flow&quot;:&quot;row&quot;,&quot;grid_auto_flow_tablet&quot;:&quot;row&quot;,&quot;grid_auto_flow_mobile&quot;:&quot;row&quot;}\">\n\t\t\t\t\t<div class=\"e-con-inner\">\n\t\t\t\t<div class=\"elementor-element elementor-element-3da43d7 jltma-glass-effect-no elementor-widget elementor-widget-image\" data-id=\"3da43d7\" data-element_type=\"widget\" data-widget_type=\"image.default\">\n\t\t\t\t<div class=\"elementor-widget-container\">\n\t\t\t\t\t\t\t\t\t\t\t\t\t\t\t<img loading=\"lazy\" decoding=\"async\" width=\"300\" height=\"300\" src=\"https:\/\/finncare.com.br\/wp-content\/uploads\/2026\/03\/Destaques-300x300.png\" class=\"attachment-medium size-medium wp-image-1017\" alt=\"\" srcset=\"https:\/\/finncare.com.br\/wp-content\/uploads\/2026\/03\/Destaques-300x300.png 300w, https:\/\/finncare.com.br\/wp-content\/uploads\/2026\/03\/Destaques-1024x1024.png 1024w, https:\/\/finncare.com.br\/wp-content\/uploads\/2026\/03\/Destaques-150x150.png 150w, https:\/\/finncare.com.br\/wp-content\/uploads\/2026\/03\/Destaques-768x768.png 768w, https:\/\/finncare.com.br\/wp-content\/uploads\/2026\/03\/Destaques-600x600.png 600w, https:\/\/finncare.com.br\/wp-content\/uploads\/2026\/03\/Destaques-100x100.png 100w, https:\/\/finncare.com.br\/wp-content\/uploads\/2026\/03\/Destaques.png 1080w\" sizes=\"(max-width: 300px) 100vw, 300px\" \/>\t\t\t\t\t\t\t\t\t\t\t\t\t\t\t<\/div>\n\t\t\t\t<\/div>\n\t\t\t\t<div class=\"elementor-element elementor-element-159b1c8 jltma-glass-effect-no elementor-widget elementor-widget-text-editor\" data-id=\"159b1c8\" data-element_type=\"widget\" data-widget_type=\"text-editor.default\">\n\t\t\t\t<div class=\"elementor-widget-container\">\n\t\t\t\t\t\t\t<p><strong>NOSSOS CONTATOS<\/strong><\/p><p><a href=\"http:\/\/wa.me\/5511998861216\"><strong>Whatsapp:<\/strong> (11) 9 9886 1216<\/a><\/p><p><strong>E-mail<\/strong>: contato@finncare.com.br<\/p><p><strong><span class=\"wixui-rich-text__text\">FISIOTERAPEUTA RESPONS\u00c1VEL:<\/span><\/strong><br class=\"wixui-rich-text__text\" \/><span class=\"wixui-rich-text__text\">Carlos Forgas<\/span><br class=\"wixui-rich-text__text\" \/><span class=\"wixui-rich-text__text\">CREFITO: 3\/10393-F<\/span><\/p>\t\t\t\t\t\t<\/div>\n\t\t\t\t<\/div>\n\t\t\t\t<div class=\"elementor-element elementor-element-0c61ded jltma-glass-effect-no elementor-widget elementor-widget-text-editor\" data-id=\"0c61ded\" data-element_type=\"widget\" data-widget_type=\"text-editor.default\">\n\t\t\t\t<div class=\"elementor-widget-container\">\n\t\t\t\t\t\t\t<p><strong>UNIDADE VILA OL\u00cdMPIA<\/strong><\/p><p>Rua Fid\u00eancio Ramos, 213 &#8211; CJ. 21 &#8211; Vila Ol\u00edmpia &#8211; S\u00e3o Paulo.<\/p>\t\t\t\t\t\t<\/div>\n\t\t\t\t<\/div>\n\t\t\t\t\t<\/div>\n\t\t\t\t<\/div>\n\t\t\t\t\t<\/div>\n\t\t\t\t<\/div>\n\t\t\t\t\t\t\t<\/div>\n\t\t","protected":false},"excerpt":{"rendered":"<p>Agende sua avalia\u00e7\u00e3o Tecnologia validada em mais de 40 pa\u00edses A Finncare utiliza a tecnologia David Health, refer\u00eancia global em reabilita\u00e7\u00e3o, presente em mais de 40 pa\u00edses. Com equipamentos de alta precis\u00e3o, validados cientificamente, oferecemos tratamentos seguros, mensur\u00e1veis\u00a0e altamente eficazes. Nossa estrutura Aqui, aliamos a fisioterapia tradicional \u00e0 intelig\u00eancia artificial e dados cl\u00ednicos, oferecendo tratamentos [&hellip;]<\/p>\n","protected":false},"author":1,"featured_media":0,"parent":0,"menu_order":0,"comment_status":"closed","ping_status":"closed","template":"elementor_header_footer","meta":{"site-sidebar-layout":"no-sidebar","site-content-layout":"","ast-site-content-layout":"full-width-container","site-content-style":"default","site-sidebar-style":"default","ast-global-header-display":"","ast-banner-title-visibility":"","ast-main-header-display":"","ast-hfb-above-header-display":"","ast-hfb-below-header-display":"","ast-hfb-mobile-header-display":"","site-post-title":"disabled","ast-breadcrumbs-content":"","ast-featured-img":"disabled","footer-sml-layout":"","theme-transparent-header-meta":"","adv-header-id-meta":"","stick-header-meta":"","header-above-stick-meta":"","header-main-stick-meta":"","header-below-stick-meta":"","astra-migrate-meta-layouts":"default","ast-page-background-enabled":"default","ast-page-background-meta":{"desktop":{"background-color":"var(--ast-global-color-4)","background-image":"","background-repeat":"repeat","background-position":"center center","background-size":"auto","background-attachment":"scroll","background-type":"","background-media":"","overlay-type":"","overlay-color":"","overlay-opacity":"","overlay-gradient":""},"tablet":{"background-color":"","background-image":"","background-repeat":"repeat","background-position":"center center","background-size":"auto","background-attachment":"scroll","background-type":"","background-media":"","overlay-type":"","overlay-color":"","overlay-opacity":"","overlay-gradient":""},"mobile":{"background-color":"","background-image":"","background-repeat":"repeat","background-position":"center center","background-size":"auto","background-attachment":"scroll","background-type":"","background-media":"","overlay-type":"","overlay-color":"","overlay-opacity":"","overlay-gradient":""}},"ast-content-background-meta":{"desktop":{"background-color":"var(--ast-global-color-5)","background-image":"","background-repeat":"repeat","background-position":"center center","background-size":"auto","background-attachment":"scroll","background-type":"","background-media":"","overlay-type":"","overlay-color":"","overlay-opacity":"","overlay-gradient":""},"tablet":{"background-color":"var(--ast-global-color-5)","background-image":"","background-repeat":"repeat","background-position":"center center","background-size":"auto","background-attachment":"scroll","background-type":"","background-media":"","overlay-type":"","overlay-color":"","overlay-opacity":"","overlay-gradient":""},"mobile":{"background-color":"var(--ast-global-color-5)","background-image":"","background-repeat":"repeat","background-position":"center center","background-size":"auto","background-attachment":"scroll","background-type":"","background-media":"","overlay-type":"","overlay-color":"","overlay-opacity":"","overlay-gradient":""}},"footnotes":""},"aioseo_notices":[],"jetpack_sharing_enabled":true,"_links":{"self":[{"href":"https:\/\/finncare.com.br\/index.php\/wp-json\/wp\/v2\/pages\/472"}],"collection":[{"href":"https:\/\/finncare.com.br\/index.php\/wp-json\/wp\/v2\/pages"}],"about":[{"href":"https:\/\/finncare.com.br\/index.php\/wp-json\/wp\/v2\/types\/page"}],"author":[{"embeddable":true,"href":"https:\/\/finncare.com.br\/index.php\/wp-json\/wp\/v2\/users\/1"}],"replies":[{"embeddable":true,"href":"https:\/\/finncare.com.br\/index.php\/wp-json\/wp\/v2\/comments?post=472"}],"version-history":[{"count":146,"href":"https:\/\/finncare.com.br\/index.php\/wp-json\/wp\/v2\/pages\/472\/revisions"}],"predecessor-version":[{"id":1023,"href":"https:\/\/finncare.com.br\/index.php\/wp-json\/wp\/v2\/pages\/472\/revisions\/1023"}],"wp:attachment":[{"href":"https:\/\/finncare.com.br\/index.php\/wp-json\/wp\/v2\/media?parent=472"}],"curies":[{"name":"wp","href":"https:\/\/api.w.org\/{rel}","templated":true}]}}