{"id":840,"date":"2025-06-10T10:04:45","date_gmt":"2025-06-10T13:04:45","guid":{"rendered":"https:\/\/finncare.com.br\/?page_id=840"},"modified":"2025-06-10T10:49:06","modified_gmt":"2025-06-10T13:49:06","slug":"tecnologia-david-health","status":"publish","type":"page","link":"https:\/\/finncare.com.br\/index.php\/tecnologia-david-health\/","title":{"rendered":"Tecnologia David Health"},"content":{"rendered":"\t\t<div data-elementor-type=\"wp-page\" data-elementor-id=\"840\" class=\"elementor elementor-840\">\n\t\t\t\t\t\t\t<div class=\"elementor-element elementor-element-0ab5c09 e-flex e-con-boxed e-con e-parent\" data-id=\"0ab5c09\" data-element_type=\"container\" data-settings=\"{&quot;background_background&quot;:&quot;classic&quot;,&quot;container_type&quot;:&quot;flex&quot;,&quot;content_width&quot;:&quot;boxed&quot;}\" data-core-v316-plus=\"true\">\n\t\t\t\t\t<div class=\"e-con-inner\">\n\t\t\t\t<div class=\"elementor-element elementor-element-142ec76 jltma-glass-effect-no elementor-widget elementor-widget-heading\" data-id=\"142ec76\" data-element_type=\"widget\" data-widget_type=\"heading.default\">\n\t\t\t\t<div class=\"elementor-widget-container\">\n\t\t\t<style>\/*! elementor - v3.18.0 - 20-12-2023 *\/\n.elementor-heading-title{padding:0;margin:0;line-height:1}.elementor-widget-heading .elementor-heading-title[class*=elementor-size-]>a{color:inherit;font-size:inherit;line-height:inherit}.elementor-widget-heading .elementor-heading-title.elementor-size-small{font-size:15px}.elementor-widget-heading .elementor-heading-title.elementor-size-medium{font-size:19px}.elementor-widget-heading .elementor-heading-title.elementor-size-large{font-size:29px}.elementor-widget-heading .elementor-heading-title.elementor-size-xl{font-size:39px}.elementor-widget-heading .elementor-heading-title.elementor-size-xxl{font-size:59px}<\/style><h2 class=\"elementor-heading-title elementor-size-default\">Tecnologia David Health<\/h2>\t\t<\/div>\n\t\t\t\t<\/div>\n\t\t\t\t<div class=\"elementor-element elementor-element-0d3a22d jltma-glass-effect-no elementor-widget elementor-widget-image\" data-id=\"0d3a22d\" data-element_type=\"widget\" data-widget_type=\"image.default\">\n\t\t\t\t<div class=\"elementor-widget-container\">\n\t\t\t<style>\/*! elementor - v3.18.0 - 20-12-2023 *\/\n.elementor-widget-image{text-align:center}.elementor-widget-image a{display:inline-block}.elementor-widget-image a img[src$=\".svg\"]{width:48px}.elementor-widget-image img{vertical-align:middle;display:inline-block}<\/style>\t\t\t\t\t\t\t\t\t\t\t\t<img fetchpriority=\"high\" decoding=\"async\" width=\"1920\" height=\"720\" src=\"https:\/\/finncare.com.br\/wp-content\/uploads\/2025\/06\/Sem-nome-1920-x-720-px.png\" class=\"attachment-2048x2048 size-2048x2048 wp-image-827\" alt=\"\" srcset=\"https:\/\/finncare.com.br\/wp-content\/uploads\/2025\/06\/Sem-nome-1920-x-720-px.png 1920w, https:\/\/finncare.com.br\/wp-content\/uploads\/2025\/06\/Sem-nome-1920-x-720-px-300x113.png 300w, https:\/\/finncare.com.br\/wp-content\/uploads\/2025\/06\/Sem-nome-1920-x-720-px-1024x384.png 1024w, https:\/\/finncare.com.br\/wp-content\/uploads\/2025\/06\/Sem-nome-1920-x-720-px-768x288.png 768w, https:\/\/finncare.com.br\/wp-content\/uploads\/2025\/06\/Sem-nome-1920-x-720-px-1536x576.png 1536w, https:\/\/finncare.com.br\/wp-content\/uploads\/2025\/06\/Sem-nome-1920-x-720-px-1320x495.png 1320w, https:\/\/finncare.com.br\/wp-content\/uploads\/2025\/06\/Sem-nome-1920-x-720-px-600x225.png 600w\" sizes=\"(max-width: 1920px) 100vw, 1920px\" \/>\t\t\t\t\t\t\t\t\t\t\t\t\t\t\t<\/div>\n\t\t\t\t<\/div>\n\t\t\t\t<div class=\"elementor-element elementor-element-89066ac jltma-glass-effect-no elementor-widget elementor-widget-text-editor\" data-id=\"89066ac\" data-element_type=\"widget\" data-widget_type=\"text-editor.default\">\n\t\t\t\t<div class=\"elementor-widget-container\">\n\t\t\t<style>\/*! elementor - v3.18.0 - 20-12-2023 *\/\n.elementor-widget-text-editor.elementor-drop-cap-view-stacked .elementor-drop-cap{background-color:#69727d;color:#fff}.elementor-widget-text-editor.elementor-drop-cap-view-framed .elementor-drop-cap{color:#69727d;border:3px solid;background-color:transparent}.elementor-widget-text-editor:not(.elementor-drop-cap-view-default) .elementor-drop-cap{margin-top:8px}.elementor-widget-text-editor:not(.elementor-drop-cap-view-default) .elementor-drop-cap-letter{width:1em;height:1em}.elementor-widget-text-editor .elementor-drop-cap{float:left;text-align:center;line-height:1;font-size:50px}.elementor-widget-text-editor .elementor-drop-cap-letter{display:inline-block}<\/style>\t\t\t\t<div>\n<div>\n<div>\n<div>\n<div data-testid=\"conversation-turn-257\">\n<div>\n<div>\n<div>\n<div>\n<div>\n<div data-message-author-role=\"assistant\" data-message-id=\"05d8f3ae-091f-4800-ac19-b2217fc47ce5\">\n<div>\n<p data-start=\"0\" data-end=\"494\">A DAVID vem desenvolvendo equipamentos de exerc\u00edcio para centros de fisioterapia, departamentos de reabilita\u00e7\u00e3o hospitalar, consult\u00f3rios de quiropraxia, centros ortop\u00e9dicos ou especializados em coluna, centros de preven\u00e7\u00e3o corporativa, centros para idosos, academias e bases militares desde a d\u00e9cada de 1980. A DAVID \u00e9 l\u00edder mundial em equipamentos de exerc\u00edcio baseados em dados e j\u00e1 conta com mais de 600 instala\u00e7\u00f5es em unidades m\u00e9dicas na Europa, Am\u00e9rica do Norte e do Sul, Austr\u00e1lia e \u00c1sia.<\/p>\n<p><\/p>\n<p data-start=\"496\" data-end=\"832\" data-is-last-node=\"\" data-is-only-node=\"\">Os equipamentos de exerc\u00edcio de \u00faltima gera\u00e7\u00e3o s\u00e3o fabricados na Finl\u00e2ndia (Europa) e s\u00e3o respaldados por diversos artigos cient\u00edficos baseados em valida\u00e7\u00e3o e resultados. Um time experiente de engenheiros e especialistas em exerc\u00edcio projeta nossos equipamentos m\u00e9dicos, oferecendo a tecnologia de reabilita\u00e7\u00e3o mais avan\u00e7ada dispon\u00edvel.<\/p><p data-start=\"496\" data-end=\"832\" data-is-last-node=\"\" data-is-only-node=\"\">A solu\u00e7\u00e3o DAVID inclui equipamentos de exerc\u00edcio espec\u00edficos para cada articula\u00e7\u00e3o, com propriedades biomec\u00e2nicas otimizadas para coluna, quadril, joelho e ombros. Os aparelhos utilizam o alinhamento correto das articula\u00e7\u00f5es e dos eixos, curvas de carga cientificamente comprovadas e isolamento das \u00e1reas alvo por meio de fixa\u00e7\u00f5es eficazes. Isso garante um movimento extremamente suave das articula\u00e7\u00f5es, ao mesmo tempo em que proporciona o maior efeito poss\u00edvel de treinamento neuromuscular.<\/p>\n<\/div>\n<\/div>\n<\/div>\n<\/div>\n<\/div>\n<\/div>\n<\/div>\n<\/div>\n<\/div>\n<\/div>\n<\/div>\n<\/div>\t\t\t\t\t\t<\/div>\n\t\t\t\t<\/div>\n\t\t\t\t\t<\/div>\n\t\t\t\t<\/div>\n\t\t\t\t\t\t\t<\/div>\n\t\t","protected":false},"excerpt":{"rendered":"<p>Tecnologia David Health A DAVID vem desenvolvendo equipamentos de exerc\u00edcio para centros de fisioterapia, departamentos de reabilita\u00e7\u00e3o hospitalar, consult\u00f3rios de quiropraxia, centros ortop\u00e9dicos ou especializados em coluna, centros de preven\u00e7\u00e3o corporativa, centros para idosos, academias e bases militares desde a d\u00e9cada de 1980. A DAVID \u00e9 l\u00edder mundial em equipamentos de exerc\u00edcio baseados em dados [&hellip;]<\/p>\n","protected":false},"author":4,"featured_media":0,"parent":0,"menu_order":0,"comment_status":"closed","ping_status":"closed","template":"","meta":{"site-sidebar-layout":"no-sidebar","site-content-layout":"","ast-site-content-layout":"full-width-container","site-content-style":"default","site-sidebar-style":"default","ast-global-header-display":"","ast-banner-title-visibility":"","ast-main-header-display":"","ast-hfb-above-header-display":"","ast-hfb-below-header-display":"","ast-hfb-mobile-header-display":"","site-post-title":"disabled","ast-breadcrumbs-content":"","ast-featured-img":"disabled","footer-sml-layout":"","theme-transparent-header-meta":"","adv-header-id-meta":"","stick-header-meta":"","header-above-stick-meta":"","header-main-stick-meta":"","header-below-stick-meta":"","astra-migrate-meta-layouts":"default","ast-page-background-enabled":"default","ast-page-background-meta":{"desktop":{"background-color":"var(--ast-global-color-4)","background-image":"","background-repeat":"repeat","background-position":"center center","background-size":"auto","background-attachment":"scroll","background-type":"","background-media":"","overlay-type":"","overlay-color":"","overlay-opacity":"","overlay-gradient":""},"tablet":{"background-color":"","background-image":"","background-repeat":"repeat","background-position":"center center","background-size":"auto","background-attachment":"scroll","background-type":"","background-media":"","overlay-type":"","overlay-color":"","overlay-opacity":"","overlay-gradient":""},"mobile":{"background-color":"","background-image":"","background-repeat":"repeat","background-position":"center center","background-size":"auto","background-attachment":"scroll","background-type":"","background-media":"","overlay-type":"","overlay-color":"","overlay-opacity":"","overlay-gradient":""}},"ast-content-background-meta":{"desktop":{"background-color":"var(--ast-global-color-5)","background-image":"","background-repeat":"repeat","background-position":"center center","background-size":"auto","background-attachment":"scroll","background-type":"","background-media":"","overlay-type":"","overlay-color":"","overlay-opacity":"","overlay-gradient":""},"tablet":{"background-color":"var(--ast-global-color-5)","background-image":"","background-repeat":"repeat","background-position":"center center","background-size":"auto","background-attachment":"scroll","background-type":"","background-media":"","overlay-type":"","overlay-color":"","overlay-opacity":"","overlay-gradient":""},"mobile":{"background-color":"var(--ast-global-color-5)","background-image":"","background-repeat":"repeat","background-position":"center center","background-size":"auto","background-attachment":"scroll","background-type":"","background-media":"","overlay-type":"","overlay-color":"","overlay-opacity":"","overlay-gradient":""}},"footnotes":""},"aioseo_notices":[],"jetpack_sharing_enabled":true,"_links":{"self":[{"href":"https:\/\/finncare.com.br\/index.php\/wp-json\/wp\/v2\/pages\/840"}],"collection":[{"href":"https:\/\/finncare.com.br\/index.php\/wp-json\/wp\/v2\/pages"}],"about":[{"href":"https:\/\/finncare.com.br\/index.php\/wp-json\/wp\/v2\/types\/page"}],"author":[{"embeddable":true,"href":"https:\/\/finncare.com.br\/index.php\/wp-json\/wp\/v2\/users\/4"}],"replies":[{"embeddable":true,"href":"https:\/\/finncare.com.br\/index.php\/wp-json\/wp\/v2\/comments?post=840"}],"version-history":[{"count":11,"href":"https:\/\/finncare.com.br\/index.php\/wp-json\/wp\/v2\/pages\/840\/revisions"}],"predecessor-version":[{"id":872,"href":"https:\/\/finncare.com.br\/index.php\/wp-json\/wp\/v2\/pages\/840\/revisions\/872"}],"wp:attachment":[{"href":"https:\/\/finncare.com.br\/index.php\/wp-json\/wp\/v2\/media?parent=840"}],"curies":[{"name":"wp","href":"https:\/\/api.w.org\/{rel}","templated":true}]}}